{"id":12307,"date":"2025-05-13T06:07:30","date_gmt":"2025-05-13T06:07:30","guid":{"rendered":"https:\/\/msa-matratzen.de\/?page_id=12307"},"modified":"2025-05-20T03:47:44","modified_gmt":"2025-05-20T03:47:44","slug":"about-us","status":"publish","type":"page","link":"https:\/\/msa-matratzen.de\/en\/about-us\/","title":{"rendered":"About us"},"content":{"rendered":"<div class=\"wp-block-uagb-container has-video-background uagb-block-81e3643b alignfull uagb-is-root-container\"><div class=\"uagb-container__video-wrap\"><video autoplay loop muted playsinline><source src=\"https:\/\/msa-matratzen.de\/wp-content\/uploads\/2025\/03\/About.mp4\" type=\"video\/mp4\"\/><\/video><\/div><div id=\"breadcrumbs\">\n    <span><span><a href=\"https:\/\/msa-matratzen.de\/en\/\">Main page<\/a><\/span><\/span>\n<\/div>\n<\/div>\n\n\n\n<div style=\"height:50px\" aria-hidden=\"true\" class=\"wp-block-spacer uag-hide-mob\"><\/div>\n\n\n\n<div style=\"height:60px\" aria-hidden=\"true\" class=\"wp-block-spacer uag-hide-desktop uag-hide-tab\"><\/div>\n\n\n\n<div class=\"wp-block-uagb-container uagb-block-f0b26735 alignfull uagb-is-root-container\">\n<div class=\"wp-block-uagb-container manufacturing-capabilities uagb-block-250e5ba4 alignfull uagb-is-root-container\">\n<h1 class=\"wp-block-heading has-theme-0-color has-text-color has-link-color has-jost-font-family wp-elements-0ba15e41990187b672e257ccb6a0109e\" style=\"color:#151515;margin-top:0px;margin-right:0px;margin-bottom:0px;margin-left:0px;padding-top:0px;padding-right:0px;padding-bottom:0px;padding-left:0px;font-size:40px;font-style:normal;font-weight:400;line-height:1.1\">Manufacturing capabilities<\/h1>\n\n\n\n<div class=\"wp-block-uagb-container flex-col uagb-block-75df8d1b\">\n<div class=\"wp-block-uagb-container left-section w-full uagb-block-a9d21407\">\n<p class=\"has-text-color has-link-color has-sf-pro-display-font-family wp-elements-91b661a0201f4f69a472251dbdca2ed0 wp-container-content-a1371c9b wp-block-paragraph\" style=\"color:#505050;font-size:16px;font-style:normal;font-weight:400;letter-spacing:0px;line-height:1.4\">At MSA, our manufacturing capabilities are the foundation of our premium sleep solutions. Producing 20,000 mattresses monthly, our advanced facilities ensure precision, consistency, and a 0.27% claim rate, reflecting our dedication to quality.<\/p>\n\n\n\n<p class=\"left-2 has-text-color has-link-color has-sf-pro-display-font-family wp-elements-6349c33b04ff5f3a23544df9c624ede4 wp-container-content-a1371c9b wp-block-paragraph\" style=\"color:#505050;font-size:16px;font-style:normal;font-weight:400;letter-spacing:0px;line-height:1.4\">We specialize in high quality spring and foam mattresses with orthopedic support, crafted from premium materials for durability and comfort. Our roll-packing technology optimizes logistics, reducing costs and enhancing efficiency.<\/p>\n\n\n\n<p class=\"has-text-color has-link-color has-sf-pro-display-font-family wp-elements-a61cc39c8b74e1591142f9aa8c6e5dba wp-container-content-a1371c9b wp-block-paragraph\" style=\"color:#505050;font-size:16px;font-style:normal;font-weight:400;letter-spacing:0px;line-height:1.4\">Customization is at the core of our approach, offering tailored sizes and designs to meet client needs. Backed by certifications and continuous innovation, we deliver reliable, safe, and cutting-edge sleep solutions.<\/p>\n<\/div>\n\n\n\n<div class=\"wp-block-uagb-container right-section uagb-block-b244da5c\">\n<div class=\"wp-block-uagb-container uagb-block-0d3052d1\">\n<div class=\"wp-block-uagb-container uagb-block-0523410c\">\n<h1 class=\"wp-block-heading has-text-color has-link-color has-jost-font-family wp-elements-3d1e7d8ac3d3e7d998252c9bdf419e7b\" style=\"color:#ee3121;margin-top:0px;margin-bottom:0px;padding-top:0px;padding-bottom:0px;font-size:40px;font-style:normal;font-weight:400\">20,000+<\/h1>\n\n\n\n<p class=\"has-text-color has-link-color has-sf-pro-display-font-family wp-elements-071bfb09b7b3853b4c041bf725fd98d2 wp-block-paragraph\" style=\"color:#505050;font-size:20px;font-style:normal;font-weight:400\">Mattresses produced monthly<\/p>\n<\/div>\n\n\n\n<div class=\"wp-block-uagb-container uagb-block-b28afbbe\">\n<h1 class=\"wp-block-heading has-text-color has-link-color has-jost-font-family wp-elements-a5568163642b677d117cbf62cb1708b1\" style=\"color:#ee3121;margin-top:0px;margin-bottom:0px;padding-top:0px;padding-bottom:0px;font-size:40px;font-style:normal;font-weight:400\">0,27%<\/h1>\n\n\n\n<p class=\"has-theme-0-color has-text-color has-link-color has-sf-pro-display-font-family wp-elements-b4d1a028e66a732a77d15eed06d7ad2d wp-block-paragraph\" style=\"color:#505050;font-size:20px;font-style:normal;font-weight:400\">Claim rate<\/p>\n<\/div>\n<\/div>\n\n\n\n<div class=\"wp-block-uagb-container uagb-block-7401eb3e\">\n<div class=\"wp-block-uagb-container uagb-block-f6cf2488\">\n<h1 class=\"wp-block-heading has-text-color has-link-color has-jost-font-family wp-elements-5674b7fd01a06686c022c524db1bd4b8\" style=\"color:#ee3121;margin-top:0px;margin-bottom:0px;padding-top:0px;padding-bottom:0px;font-size:40px;font-style:normal;font-weight:400\">95%<\/h1>\n\n\n\n<p class=\"has-theme-0-color has-text-color has-link-color has-sf-pro-display-font-family wp-elements-4f1ca58a5b90e5daed12c65216f47b95 wp-block-paragraph\" style=\"color:#505050;font-size:20px;font-style:normal;font-weight:400\">Automation in core processes<\/p>\n<\/div>\n\n\n\n<div class=\"wp-block-uagb-container uagb-block-e30a799c\">\n<h1 class=\"wp-block-heading has-text-color has-link-color has-jost-font-family wp-elements-687756dba608469cce77cc378807734b\" style=\"color:#ee3121;margin-top:0px;margin-bottom:0px;padding-top:0px;padding-bottom:0px;font-size:40px;font-style:normal;font-weight:400\">24\/7<\/h1>\n\n\n\n<p class=\"has-theme-0-color has-text-color has-link-color has-sf-pro-display-font-family wp-elements-3fc8f082f8640546b61b4c5b316db671 wp-block-paragraph\" style=\"color:#505050;font-size:20px;font-style:normal;font-weight:400\">Operations<\/p>\n<\/div>\n<\/div>\n<\/div>\n<\/div>\n<\/div>\n\n\n\n<div style=\"height:100px\" aria-hidden=\"true\" class=\"wp-block-spacer uag-hide-mob\"><\/div>\n\n\n\n<div style=\"height:60px\" aria-hidden=\"true\" class=\"wp-block-spacer uag-hide-desktop uag-hide-tab\"><\/div>\n\n\n\n<div class=\"wp-block-uagb-container uagb-block-9888a52e alignfull uagb-is-root-container\">\n<h1 class=\"wp-block-heading has-theme-0-color has-text-color has-link-color has-jost-font-family wp-elements-6666bd3f46b3fbbac3ec09393937c88e\" style=\"color:#151515;margin-top:0px;margin-right:0px;margin-bottom:0px;margin-left:0px;padding-top:0px;padding-right:0px;padding-bottom:0px;padding-left:0px;font-size:40px;font-style:normal;font-weight:400;line-height:1.1\">Mission &amp; Values<\/h1>\n\n\n\n<div class=\"wp-block-uagb-container uagb-block-04e76d30\">\n<div class=\"wp-block-uagb-container uagb-block-41c6690e\">\n<p class=\"has-text-color has-link-color has-sf-pro-display-font-family wp-elements-8036beaf2cc7cdd703bb30f9ba50305e wp-container-content-a1371c9b wp-block-paragraph\" style=\"color:#505050;font-size:16px;font-style:normal;font-weight:400;letter-spacing:0px;line-height:1.4\">At MSA, we don\u2019t just sell products; we build partnerships. Our long-standing relationships with distributors and retailers reflect our commitment to supporting your success. From initial consultations to post-delivery support, We are dedicated to being your long-term partner, helping you grow by consistently delivering products that earn your customers\u2019 trust.<\/p>\n<\/div>\n\n\n\n<div class=\"wp-block-uagb-container flex-col uagb-block-4795dff7\">\n<div class=\"wp-block-uagb-container w-full uagb-block-2e3b6303\">\n<div class=\"wp-block-uagb-container flex-row uagb-block-d6efa4b0\">\n<div class=\"wp-block-uagb-container uagb-block-f1902fb5\">\n<h3 class=\"wp-block-heading has-jost-font-family\" style=\"margin-top:0px;margin-right:0px;margin-bottom:0px;margin-left:0px;padding-top:0px;padding-right:0px;padding-bottom:0px;padding-left:0px;font-size:20px;font-style:normal;font-weight:400;text-transform:uppercase\">Customer-Centric Approach<\/h3>\n\n\n\n<p class=\"has-text-color has-link-color has-sf-pro-display-font-family wp-elements-285841ed860b298d9a231e2b17839a1b wp-container-content-a1371c9b wp-block-paragraph\" style=\"color:#505050;font-size:16px;font-style:normal;font-weight:400;letter-spacing:0px;line-height:1.4\">Every decision we make revolves around our customers. We strive to understand their needs and deliver products that exceed expectations.<\/p>\n<\/div>\n\n\n\n<div class=\"wp-block-uagb-container uag-hide-mob uagb-block-04f84318\">\n<h3 class=\"wp-block-heading has-jost-font-family\" style=\"margin-top:0px;margin-right:0px;margin-bottom:0px;margin-left:0px;padding-top:0px;padding-right:0px;padding-bottom:0px;padding-left:0px;font-size:20px;font-style:normal;font-weight:400;text-transform:uppercase\">Integrity and trust<\/h3>\n\n\n\n<p class=\"has-text-color has-link-color has-sf-pro-display-font-family wp-elements-583cc32a583e016d78c75634216277a6 wp-container-content-a1371c9b wp-block-paragraph\" style=\"color:#505050;font-size:16px;font-style:normal;font-weight:400;letter-spacing:0px;line-height:1.4\">Honesty and transparency guide our interactions with customers, partners, and employees. Our reputation is built on a foundation of trust.<\/p>\n<\/div>\n\n\n\n<div class=\"wp-block-uagb-container uag-hide-desktop uag-hide-tab uagb-block-9e6dd56e\">\n<h3 class=\"wp-block-heading has-jost-font-family\" style=\"margin-top:0px;margin-right:0px;margin-bottom:0px;margin-left:0px;padding-top:0px;padding-right:0px;padding-bottom:0px;padding-left:0px;font-size:20px;font-style:normal;font-weight:400;text-transform:uppercase\">Quality and innovation<\/h3>\n\n\n\n<p class=\"has-text-color has-link-color has-sf-pro-display-font-family wp-elements-1f734792ad2cf750d82378ffe353b7a8 wp-container-content-a1371c9b wp-block-paragraph\" style=\"color:#505050;font-size:16px;font-style:normal;font-weight:400;letter-spacing:0px;line-height:1.4\">Wir legen Wert auf hervorragende Qualit\u00e4t in jedem Detail. Von der Auswahl erstklassiger Materialien bis hin zur Anwendung modernster Fertigungstechniken \u2013 Qualit\u00e4t steht im Mittelpunkt unseres Handelns.<\/p>\n<\/div>\n<\/div>\n\n\n\n<div class=\"wp-block-uagb-container flex-row uagb-block-96fa9241\">\n<div class=\"wp-block-uagb-container uagb-block-42283732\">\n<h3 class=\"wp-block-heading has-jost-font-family\" style=\"margin-top:0px;margin-right:0px;margin-bottom:0px;margin-left:0px;padding-top:0px;padding-right:0px;padding-bottom:0px;padding-left:0px;font-size:20px;font-style:normal;font-weight:400;text-transform:uppercase\">Sustainability<\/h3>\n\n\n\n<p class=\"has-text-color has-link-color has-sf-pro-display-font-family wp-elements-fb45539405098e99c4576b20ac9d9b13 wp-container-content-a1371c9b wp-block-paragraph\" style=\"color:#505050;font-size:16px;font-style:normal;font-weight:400;letter-spacing:0px;line-height:1.4\">We believe in a responsible future. By using eco-friendly materials and reducing waste, we aim to protect our planet while creating products you can trust.<\/p>\n<\/div>\n\n\n\n<div class=\"wp-block-uagb-container uag-hide-mob uagb-block-dfc93ece\">\n<h3 class=\"wp-block-heading has-jost-font-family\" style=\"margin-top:0px;margin-right:0px;margin-bottom:0px;margin-left:0px;padding-top:0px;padding-right:0px;padding-bottom:0px;padding-left:0px;font-size:20px;font-style:normal;font-weight:400;text-transform:uppercase\">Quality and innovation<\/h3>\n\n\n\n<p class=\"has-text-color has-link-color has-sf-pro-display-font-family wp-elements-1f734792ad2cf750d82378ffe353b7a8 wp-container-content-a1371c9b wp-block-paragraph\" style=\"color:#505050;font-size:16px;font-style:normal;font-weight:400;letter-spacing:0px;line-height:1.4\">Wir legen Wert auf hervorragende Qualit\u00e4t in jedem Detail. Von der Auswahl erstklassiger Materialien bis hin zur Anwendung modernster Fertigungstechniken \u2013 Qualit\u00e4t steht im Mittelpunkt unseres Handelns.<\/p>\n<\/div>\n\n\n\n<div class=\"wp-block-uagb-container uag-hide-desktop uag-hide-tab uagb-block-8ff36b91\">\n<h3 class=\"wp-block-heading has-jost-font-family\" style=\"margin-top:0px;margin-right:0px;margin-bottom:0px;margin-left:0px;padding-top:0px;padding-right:0px;padding-bottom:0px;padding-left:0px;font-size:20px;font-style:normal;font-weight:400;text-transform:uppercase\">Integrity and trust<\/h3>\n\n\n\n<p class=\"has-text-color has-link-color has-sf-pro-display-font-family wp-elements-583cc32a583e016d78c75634216277a6 wp-container-content-a1371c9b wp-block-paragraph\" style=\"color:#505050;font-size:16px;font-style:normal;font-weight:400;letter-spacing:0px;line-height:1.4\">Honesty and transparency guide our interactions with customers, partners, and employees. Our reputation is built on a foundation of trust.<\/p>\n<\/div>\n<\/div>\n<\/div>\n\n\n\n<div class=\"wp-block-uagb-image alignright uagb-block-5a70c069 wp-block-uagb-image--layout-default wp-block-uagb-image--effect-static wp-block-uagb-image--align-right img-full\"><figure class=\"wp-block-uagb-image__figure\"><img decoding=\"async\" srcset=\"https:\/\/msa-matratzen.de\/wp-content\/uploads\/2025\/03\/maps.webp ,https:\/\/msa-matratzen.de\/wp-content\/uploads\/2025\/03\/maps.webp 780w, https:\/\/msa-matratzen.de\/wp-content\/uploads\/2025\/03\/maps.webp 360w\" sizes=\"auto, (max-width: 480px) 150px\" src=\"https:\/\/msa-matratzen.de\/wp-content\/uploads\/2025\/03\/maps.webp\" alt=\"maps\" class=\"uag-image-10181\" width=\"632\" height=\"550\" title=\"maps\" loading=\"lazy\" role=\"img\"\/><\/figure><\/div>\n<\/div>\n<\/div>\n<\/div>\n<\/div>\n\n\n\n<div style=\"height:60px\" aria-hidden=\"true\" class=\"wp-block-spacer uag-hide-mob\"><\/div>\n\n\n\n<div style=\"height:50px\" aria-hidden=\"true\" class=\"wp-block-spacer uag-hide-desktop uag-hide-tab\"><\/div>","protected":false},"excerpt":{"rendered":"<p>Herstellung F\u00e4higkeiten Bei MSA sind unsere Fertigungskapazit\u00e4ten die Grundlage unserer Premium-Schlafl\u00f6sungen. Mit der Produktion von 20.000 Matratzen pro Monat gew\u00e4hrleisten unsere fortschrittlichen Anlagen Pr\u00e4zision, Konsistenz und eine Reklamationsquote von 0,27 %, was unser Engagement f\u00fcr Qualit\u00e4t widerspiegelt. Wir sind auf hochwertige Federkern und Schaummatratzen mit orthop\u00e4discher Unterst\u00fctzung spezialisiert, gefertigt aus erstklassigen Materialien f\u00fcr Langlebigkeit und [&hellip;]<\/p>\n","protected":false},"author":1,"featured_media":10292,"parent":0,"menu_order":0,"comment_status":"closed","ping_status":"closed","template":"wp-custom-template-no-breadcrumbs","meta":{"_crdt_document":"","inline_featured_image":false,"_uag_custom_page_level_css":"","footnotes":""},"class_list":["post-12307","page","type-page","status-publish","has-post-thumbnail","hentry"],"yoast_head":"<!-- This site is optimized with the Yoast SEO plugin v27.4 - https:\/\/yoast.com\/product\/yoast-seo-wordpress\/ -->\n<title>\u00dcber uns - Moderne SchlafArt<\/title>\n<meta name=\"robots\" content=\"index, follow, max-snippet:-1, max-image-preview:large, max-video-preview:-1\" \/>\n<link rel=\"canonical\" href=\"https:\/\/msa-matratzen.de\/en\/about-us\/\" \/>\n<meta property=\"og:locale\" content=\"en_US\" \/>\n<meta property=\"og:type\" content=\"article\" \/>\n<meta property=\"og:title\" content=\"\u00dcber uns - Moderne SchlafArt\" \/>\n<meta property=\"og:description\" content=\"Herstellung F\u00e4higkeiten Bei MSA sind unsere Fertigungskapazit\u00e4ten die Grundlage unserer Premium-Schlafl\u00f6sungen. Mit der Produktion von 20.000 Matratzen pro Monat gew\u00e4hrleisten unsere fortschrittlichen Anlagen Pr\u00e4zision, Konsistenz und eine Reklamationsquote von 0,27 %, was unser Engagement f\u00fcr Qualit\u00e4t widerspiegelt. Wir sind auf hochwertige Federkern und Schaummatratzen mit orthop\u00e4discher Unterst\u00fctzung spezialisiert, gefertigt aus erstklassigen Materialien f\u00fcr Langlebigkeit und [&hellip;]\" \/>\n<meta property=\"og:url\" content=\"https:\/\/msa-matratzen.de\/en\/about-us\/\" \/>\n<meta property=\"og:site_name\" content=\"Moderne SchlafArt\" \/>\n<meta property=\"article:modified_time\" content=\"2025-05-20T03:47:44+00:00\" \/>\n<meta property=\"og:image\" content=\"https:\/\/msa-matratzen.de\/wp-content\/uploads\/2025\/03\/Logo_MSA_mit-Hintergrund_color.jpg\" \/>\n\t<meta property=\"og:image:width\" content=\"1000\" \/>\n\t<meta property=\"og:image:height\" content=\"580\" \/>\n\t<meta property=\"og:image:type\" content=\"image\/jpeg\" \/>\n<meta name=\"twitter:card\" content=\"summary_large_image\" \/>\n<meta name=\"twitter:label1\" content=\"Est. reading time\" \/>\n\t<meta name=\"twitter:data1\" content=\"2 minutes\" \/>\n<script type=\"application\/ld+json\" class=\"yoast-schema-graph\">{\"@context\":\"https:\\\/\\\/schema.org\",\"@graph\":[{\"@type\":\"WebPage\",\"@id\":\"https:\\\/\\\/msa-matratzen.de\\\/about-us\\\/\",\"url\":\"https:\\\/\\\/msa-matratzen.de\\\/about-us\\\/\",\"name\":\"\u00dcber uns - Moderne SchlafArt\",\"isPartOf\":{\"@id\":\"https:\\\/\\\/msa-matratzen.de\\\/#website\"},\"primaryImageOfPage\":{\"@id\":\"https:\\\/\\\/msa-matratzen.de\\\/about-us\\\/#primaryimage\"},\"image\":{\"@id\":\"https:\\\/\\\/msa-matratzen.de\\\/about-us\\\/#primaryimage\"},\"thumbnailUrl\":\"https:\\\/\\\/msa-matratzen.de\\\/wp-content\\\/uploads\\\/2025\\\/03\\\/Logo_MSA_mit-Hintergrund_color.jpg\",\"datePublished\":\"2025-05-13T06:07:30+00:00\",\"dateModified\":\"2025-05-20T03:47:44+00:00\",\"breadcrumb\":{\"@id\":\"https:\\\/\\\/msa-matratzen.de\\\/about-us\\\/#breadcrumb\"},\"inLanguage\":\"en-US\",\"potentialAction\":[{\"@type\":\"ReadAction\",\"target\":[\"https:\\\/\\\/msa-matratzen.de\\\/about-us\\\/\"]}]},{\"@type\":\"ImageObject\",\"inLanguage\":\"en-US\",\"@id\":\"https:\\\/\\\/msa-matratzen.de\\\/about-us\\\/#primaryimage\",\"url\":\"https:\\\/\\\/msa-matratzen.de\\\/wp-content\\\/uploads\\\/2025\\\/03\\\/Logo_MSA_mit-Hintergrund_color.jpg\",\"contentUrl\":\"https:\\\/\\\/msa-matratzen.de\\\/wp-content\\\/uploads\\\/2025\\\/03\\\/Logo_MSA_mit-Hintergrund_color.jpg\",\"width\":1000,\"height\":580,\"caption\":\"Logo_MSA_mit Hintergrund_color\"},{\"@type\":\"BreadcrumbList\",\"@id\":\"https:\\\/\\\/msa-matratzen.de\\\/about-us\\\/#breadcrumb\",\"itemListElement\":[{\"@type\":\"ListItem\",\"position\":1,\"name\":\"Main page\",\"item\":\"https:\\\/\\\/msa-matratzen.de\\\/\"},{\"@type\":\"ListItem\",\"position\":2,\"name\":\"\u00dcber uns\"}]},{\"@type\":\"WebSite\",\"@id\":\"https:\\\/\\\/msa-matratzen.de\\\/#website\",\"url\":\"https:\\\/\\\/msa-matratzen.de\\\/\",\"name\":\"Moderne SchlafArt\",\"description\":\"\",\"publisher\":{\"@id\":\"https:\\\/\\\/msa-matratzen.de\\\/#organization\"},\"potentialAction\":[{\"@type\":\"SearchAction\",\"target\":{\"@type\":\"EntryPoint\",\"urlTemplate\":\"https:\\\/\\\/msa-matratzen.de\\\/?s={search_term_string}\"},\"query-input\":{\"@type\":\"PropertyValueSpecification\",\"valueRequired\":true,\"valueName\":\"search_term_string\"}}],\"inLanguage\":\"en-US\"},{\"@type\":\"Organization\",\"@id\":\"https:\\\/\\\/msa-matratzen.de\\\/#organization\",\"name\":\"Moderne SchlafArt\",\"url\":\"https:\\\/\\\/msa-matratzen.de\\\/\",\"logo\":{\"@type\":\"ImageObject\",\"inLanguage\":\"en-US\",\"@id\":\"https:\\\/\\\/msa-matratzen.de\\\/#\\\/schema\\\/logo\\\/image\\\/\",\"url\":\"https:\\\/\\\/msa-matratzen.de\\\/wp-content\\\/uploads\\\/2025\\\/04\\\/Logo-header-1.png\",\"contentUrl\":\"https:\\\/\\\/msa-matratzen.de\\\/wp-content\\\/uploads\\\/2025\\\/04\\\/Logo-header-1.png\",\"width\":308,\"height\":278,\"caption\":\"Moderne SchlafArt\"},\"image\":{\"@id\":\"https:\\\/\\\/msa-matratzen.de\\\/#\\\/schema\\\/logo\\\/image\\\/\"}}]}<\/script>\n<!-- \/ Yoast SEO plugin. -->","yoast_head_json":{"title":"\u00dcber uns - Moderne SchlafArt","robots":{"index":"index","follow":"follow","max-snippet":"max-snippet:-1","max-image-preview":"max-image-preview:large","max-video-preview":"max-video-preview:-1"},"canonical":"https:\/\/msa-matratzen.de\/en\/about-us\/","og_locale":"en_US","og_type":"article","og_title":"\u00dcber uns - Moderne SchlafArt","og_description":"Herstellung F\u00e4higkeiten Bei MSA sind unsere Fertigungskapazit\u00e4ten die Grundlage unserer Premium-Schlafl\u00f6sungen. Mit der Produktion von 20.000 Matratzen pro Monat gew\u00e4hrleisten unsere fortschrittlichen Anlagen Pr\u00e4zision, Konsistenz und eine Reklamationsquote von 0,27 %, was unser Engagement f\u00fcr Qualit\u00e4t widerspiegelt. Wir sind auf hochwertige Federkern und Schaummatratzen mit orthop\u00e4discher Unterst\u00fctzung spezialisiert, gefertigt aus erstklassigen Materialien f\u00fcr Langlebigkeit und [&hellip;]","og_url":"https:\/\/msa-matratzen.de\/en\/about-us\/","og_site_name":"Moderne SchlafArt","article_modified_time":"2025-05-20T03:47:44+00:00","og_image":[{"width":1000,"height":580,"url":"https:\/\/msa-matratzen.de\/wp-content\/uploads\/2025\/03\/Logo_MSA_mit-Hintergrund_color.jpg","type":"image\/jpeg"}],"twitter_card":"summary_large_image","twitter_misc":{"Est. reading time":"2 minutes"},"schema":{"@context":"https:\/\/schema.org","@graph":[{"@type":"WebPage","@id":"https:\/\/msa-matratzen.de\/about-us\/","url":"https:\/\/msa-matratzen.de\/about-us\/","name":"\u00dcber uns - Moderne SchlafArt","isPartOf":{"@id":"https:\/\/msa-matratzen.de\/#website"},"primaryImageOfPage":{"@id":"https:\/\/msa-matratzen.de\/about-us\/#primaryimage"},"image":{"@id":"https:\/\/msa-matratzen.de\/about-us\/#primaryimage"},"thumbnailUrl":"https:\/\/msa-matratzen.de\/wp-content\/uploads\/2025\/03\/Logo_MSA_mit-Hintergrund_color.jpg","datePublished":"2025-05-13T06:07:30+00:00","dateModified":"2025-05-20T03:47:44+00:00","breadcrumb":{"@id":"https:\/\/msa-matratzen.de\/about-us\/#breadcrumb"},"inLanguage":"en-US","potentialAction":[{"@type":"ReadAction","target":["https:\/\/msa-matratzen.de\/about-us\/"]}]},{"@type":"ImageObject","inLanguage":"en-US","@id":"https:\/\/msa-matratzen.de\/about-us\/#primaryimage","url":"https:\/\/msa-matratzen.de\/wp-content\/uploads\/2025\/03\/Logo_MSA_mit-Hintergrund_color.jpg","contentUrl":"https:\/\/msa-matratzen.de\/wp-content\/uploads\/2025\/03\/Logo_MSA_mit-Hintergrund_color.jpg","width":1000,"height":580,"caption":"Logo_MSA_mit Hintergrund_color"},{"@type":"BreadcrumbList","@id":"https:\/\/msa-matratzen.de\/about-us\/#breadcrumb","itemListElement":[{"@type":"ListItem","position":1,"name":"Main page","item":"https:\/\/msa-matratzen.de\/"},{"@type":"ListItem","position":2,"name":"\u00dcber uns"}]},{"@type":"WebSite","@id":"https:\/\/msa-matratzen.de\/#website","url":"https:\/\/msa-matratzen.de\/","name":"Moderne SchlafArt","description":"","publisher":{"@id":"https:\/\/msa-matratzen.de\/#organization"},"potentialAction":[{"@type":"SearchAction","target":{"@type":"EntryPoint","urlTemplate":"https:\/\/msa-matratzen.de\/?s={search_term_string}"},"query-input":{"@type":"PropertyValueSpecification","valueRequired":true,"valueName":"search_term_string"}}],"inLanguage":"en-US"},{"@type":"Organization","@id":"https:\/\/msa-matratzen.de\/#organization","name":"Moderne SchlafArt","url":"https:\/\/msa-matratzen.de\/","logo":{"@type":"ImageObject","inLanguage":"en-US","@id":"https:\/\/msa-matratzen.de\/#\/schema\/logo\/image\/","url":"https:\/\/msa-matratzen.de\/wp-content\/uploads\/2025\/04\/Logo-header-1.png","contentUrl":"https:\/\/msa-matratzen.de\/wp-content\/uploads\/2025\/04\/Logo-header-1.png","width":308,"height":278,"caption":"Moderne SchlafArt"},"image":{"@id":"https:\/\/msa-matratzen.de\/#\/schema\/logo\/image\/"}}]}},"uagb_featured_image_src":{"full":["https:\/\/msa-matratzen.de\/wp-content\/uploads\/2025\/03\/Logo_MSA_mit-Hintergrund_color.jpg",1000,580,false],"thumbnail":["https:\/\/msa-matratzen.de\/wp-content\/uploads\/2025\/03\/Logo_MSA_mit-Hintergrund_color-150x150.jpg",150,150,true],"medium":["https:\/\/msa-matratzen.de\/wp-content\/uploads\/2025\/03\/Logo_MSA_mit-Hintergrund_color-300x174.jpg",300,174,true],"medium_large":["https:\/\/msa-matratzen.de\/wp-content\/uploads\/2025\/03\/Logo_MSA_mit-Hintergrund_color-768x445.jpg",768,445,true],"large":["https:\/\/msa-matratzen.de\/wp-content\/uploads\/2025\/03\/Logo_MSA_mit-Hintergrund_color.jpg",1000,580,false],"1536x1536":["https:\/\/msa-matratzen.de\/wp-content\/uploads\/2025\/03\/Logo_MSA_mit-Hintergrund_color.jpg",1000,580,false],"2048x2048":["https:\/\/msa-matratzen.de\/wp-content\/uploads\/2025\/03\/Logo_MSA_mit-Hintergrund_color.jpg",1000,580,false],"trp-custom-language-flag":["https:\/\/msa-matratzen.de\/wp-content\/uploads\/2025\/03\/Logo_MSA_mit-Hintergrund_color-18x10.jpg",18,10,true]},"uagb_author_info":{"display_name":"supp","author_link":"https:\/\/msa-matratzen.de\/en\/author\/supp\/"},"uagb_comment_info":0,"uagb_excerpt":"Herstellung F\u00e4higkeiten Bei MSA sind unsere Fertigungskapazit\u00e4ten die Grundlage unserer Premium-Schlafl\u00f6sungen. Mit der Produktion von 20.000 Matratzen pro Monat gew\u00e4hrleisten unsere fortschrittlichen Anlagen Pr\u00e4zision, Konsistenz und eine Reklamationsquote von 0,27 %, was unser Engagement f\u00fcr Qualit\u00e4t widerspiegelt. Wir sind auf hochwertige Federkern und Schaummatratzen mit orthop\u00e4discher Unterst\u00fctzung spezialisiert, gefertigt aus erstklassigen Materialien f\u00fcr Langlebigkeit und&hellip;","_links":{"self":[{"href":"https:\/\/msa-matratzen.de\/en\/wp-json\/wp\/v2\/pages\/12307","targetHints":{"allow":["GET"]}}],"collection":[{"href":"https:\/\/msa-matratzen.de\/en\/wp-json\/wp\/v2\/pages"}],"about":[{"href":"https:\/\/msa-matratzen.de\/en\/wp-json\/wp\/v2\/types\/page"}],"author":[{"embeddable":true,"href":"https:\/\/msa-matratzen.de\/en\/wp-json\/wp\/v2\/users\/1"}],"replies":[{"embeddable":true,"href":"https:\/\/msa-matratzen.de\/en\/wp-json\/wp\/v2\/comments?post=12307"}],"version-history":[{"count":6,"href":"https:\/\/msa-matratzen.de\/en\/wp-json\/wp\/v2\/pages\/12307\/revisions"}],"predecessor-version":[{"id":12897,"href":"https:\/\/msa-matratzen.de\/en\/wp-json\/wp\/v2\/pages\/12307\/revisions\/12897"}],"wp:featuredmedia":[{"embeddable":true,"href":"https:\/\/msa-matratzen.de\/en\/wp-json\/wp\/v2\/media\/10292"}],"wp:attachment":[{"href":"https:\/\/msa-matratzen.de\/en\/wp-json\/wp\/v2\/media?parent=12307"}],"curies":[{"name":"wp","href":"https:\/\/api.w.org\/{rel}","templated":true}]}}